{"id":290,"date":"2022-08-02T14:32:46","date_gmt":"2022-08-02T14:32:46","guid":{"rendered":"http:\/\/constantinplaecking.de\/?page_id=290"},"modified":"2022-08-02T14:32:48","modified_gmt":"2022-08-02T14:32:48","slug":"projekte","status":"publish","type":"page","link":"https:\/\/constantinplaecking.de\/?page_id=290","title":{"rendered":"Projekte"},"content":{"rendered":"\n<figure class=\"wp-block-image size-large\"><img data-recalc-dims=\"1\" loading=\"lazy\" decoding=\"async\" width=\"1024\" height=\"576\" data-attachment-id=\"294\" data-permalink=\"https:\/\/constantinplaecking.de\/?attachment_id=294\" data-orig-file=\"https:\/\/i0.wp.com\/constantinplaecking.de\/wp-content\/uploads\/2022\/08\/IMG_4195-scaled.jpg?fit=2560%2C1440&amp;ssl=1\" data-orig-size=\"2560,1440\" data-comments-opened=\"1\" data-image-meta=\"{&quot;aperture&quot;:&quot;2.2&quot;,&quot;credit&quot;:&quot;&quot;,&quot;camera&quot;:&quot;iPhone 12&quot;,&quot;caption&quot;:&quot;&quot;,&quot;created_timestamp&quot;:&quot;1658926311&quot;,&quot;copyright&quot;:&quot;&quot;,&quot;focal_length&quot;:&quot;2.71&quot;,&quot;iso&quot;:&quot;25&quot;,&quot;shutter_speed&quot;:&quot;0.0014245014245014&quot;,&quot;title&quot;:&quot;&quot;,&quot;orientation&quot;:&quot;1&quot;}\" data-image-title=\"IMG_4195\" data-image-description=\"\" data-image-caption=\"\" data-large-file=\"https:\/\/i0.wp.com\/constantinplaecking.de\/wp-content\/uploads\/2022\/08\/IMG_4195-scaled.jpg?fit=1024%2C576&amp;ssl=1\" src=\"https:\/\/i0.wp.com\/constantinplaecking.de\/wp-content\/uploads\/2022\/08\/IMG_4195.jpg?resize=1024%2C576\" alt=\"\" class=\"wp-image-294\" srcset=\"https:\/\/i0.wp.com\/constantinplaecking.de\/wp-content\/uploads\/2022\/08\/IMG_4195-scaled.jpg?resize=1024%2C576&amp;ssl=1 1024w, https:\/\/i0.wp.com\/constantinplaecking.de\/wp-content\/uploads\/2022\/08\/IMG_4195-scaled.jpg?resize=300%2C169&amp;ssl=1 300w, https:\/\/i0.wp.com\/constantinplaecking.de\/wp-content\/uploads\/2022\/08\/IMG_4195-scaled.jpg?resize=768%2C432&amp;ssl=1 768w, https:\/\/i0.wp.com\/constantinplaecking.de\/wp-content\/uploads\/2022\/08\/IMG_4195-scaled.jpg?resize=1536%2C864&amp;ssl=1 1536w, https:\/\/i0.wp.com\/constantinplaecking.de\/wp-content\/uploads\/2022\/08\/IMG_4195-scaled.jpg?resize=2048%2C1152&amp;ssl=1 2048w, https:\/\/i0.wp.com\/constantinplaecking.de\/wp-content\/uploads\/2022\/08\/IMG_4195-scaled.jpg?resize=920%2C518&amp;ssl=1 920w, https:\/\/i0.wp.com\/constantinplaecking.de\/wp-content\/uploads\/2022\/08\/IMG_4195-scaled.jpg?resize=230%2C129&amp;ssl=1 230w, https:\/\/i0.wp.com\/constantinplaecking.de\/wp-content\/uploads\/2022\/08\/IMG_4195-scaled.jpg?resize=350%2C197&amp;ssl=1 350w, https:\/\/i0.wp.com\/constantinplaecking.de\/wp-content\/uploads\/2022\/08\/IMG_4195-scaled.jpg?resize=480%2C270&amp;ssl=1 480w, https:\/\/i0.wp.com\/constantinplaecking.de\/wp-content\/uploads\/2022\/08\/IMG_4195-scaled.jpg?w=2340 2340w\" sizes=\"auto, (max-width: 1024px) 100vw, 1024px\" \/><figcaption>Constantin Pl\u00e4cking als Reporter unterwegs an der Ahr in Altenahr &#8211; ein Jahr nach der Flutkatastrophe<\/figcaption><\/figure>\n\n\n\n<p>Constantin Pl\u00e4cking ist Teil des Redaktions-Teams des SWR\/WDR-<a href=\"https:\/\/www.ardaudiothek.de\/sendung\/die-flut-warum-musste-johanna-sterben\/10619851\/\" data-type=\"URL\" data-id=\"https:\/\/www.ardaudiothek.de\/sendung\/die-flut-warum-musste-johanna-sterben\/10619851\/\">Podcasts<\/a> &#8222;Die Flut &#8211; Warum musste Johanna sterben?&#8220;. F\u00fcr den Podcast recherchierte er \u00fcber Monate zur Flutkatastrophe im Ahrtal und besuchte regelm\u00e4\u00dfig den Untersuchungsausschuss. Er ist haupts\u00e4chlich verantwortlich f\u00fcr die Folgen <a href=\"https:\/\/www.ardaudiothek.de\/episode\/die-flut-warum-musste-johanna-sterben\/folge-4-suche-nach-antworten\/ard\/10623541\/\" data-type=\"URL\" data-id=\"https:\/\/www.ardaudiothek.de\/episode\/die-flut-warum-musste-johanna-sterben\/folge-4-suche-nach-antworten\/ard\/10623541\/\">4<\/a> und <a href=\"https:\/\/www.ardaudiothek.de\/episode\/die-flut-warum-musste-johanna-sterben\/folge-5-verantwortung\/ard\/10623545\/\" data-type=\"URL\" data-id=\"https:\/\/www.ardaudiothek.de\/episode\/die-flut-warum-musste-johanna-sterben\/folge-5-verantwortung\/ard\/10623545\/\">5<\/a> des Podcasts in denen es um die politische Aufarbeitung geht.<\/p>\n\n<div class=\"twitter-share\"><a href=\"https:\/\/twitter.com\/intent\/tweet?via=cplaecking\" class=\"twitter-share-button\" data-size=\"large\">Twittern<\/a><\/div>\n","protected":false},"excerpt":{"rendered":"<p>Constantin Pl\u00e4cking ist Teil des Redaktions-Teams des SWR\/WDR-Podcasts &#8222;Die Flut &#8211; Warum musste Johanna sterben?&#8220;. F\u00fcr den Podcast recherchierte er \u00fcber Monate [&hellip;]<\/p>\n","protected":false},"author":1,"featured_media":0,"parent":0,"menu_order":0,"comment_status":"closed","ping_status":"closed","template":"","meta":{"jetpack_post_was_ever_published":false,"footnotes":""},"class_list":["post-290","page","type-page","status-publish","hentry"],"jetpack_sharing_enabled":true,"jetpack_shortlink":"https:\/\/wp.me\/P9Fr8s-4G","jetpack_likes_enabled":true,"jetpack-related-posts":[],"_links":{"self":[{"href":"https:\/\/constantinplaecking.de\/index.php?rest_route=\/wp\/v2\/pages\/290","targetHints":{"allow":["GET"]}}],"collection":[{"href":"https:\/\/constantinplaecking.de\/index.php?rest_route=\/wp\/v2\/pages"}],"about":[{"href":"https:\/\/constantinplaecking.de\/index.php?rest_route=\/wp\/v2\/types\/page"}],"author":[{"embeddable":true,"href":"https:\/\/constantinplaecking.de\/index.php?rest_route=\/wp\/v2\/users\/1"}],"replies":[{"embeddable":true,"href":"https:\/\/constantinplaecking.de\/index.php?rest_route=%2Fwp%2Fv2%2Fcomments&post=290"}],"version-history":[{"count":1,"href":"https:\/\/constantinplaecking.de\/index.php?rest_route=\/wp\/v2\/pages\/290\/revisions"}],"predecessor-version":[{"id":299,"href":"https:\/\/constantinplaecking.de\/index.php?rest_route=\/wp\/v2\/pages\/290\/revisions\/299"}],"wp:attachment":[{"href":"https:\/\/constantinplaecking.de\/index.php?rest_route=%2Fwp%2Fv2%2Fmedia&parent=290"}],"curies":[{"name":"wp","href":"https:\/\/api.w.org\/{rel}","templated":true}]}}