{"id":164,"date":"2019-10-16T17:18:22","date_gmt":"2019-10-16T17:18:22","guid":{"rendered":"http:\/\/constantinplaecking.de\/?page_id=164"},"modified":"2025-07-21T15:56:50","modified_gmt":"2025-07-21T15:56:50","slug":"freier-journalist","status":"publish","type":"page","link":"https:\/\/constantinplaecking.de\/","title":{"rendered":"Freier Journalist"},"content":{"rendered":"\n<figure class=\"wp-block-image alignleft is-resized\"><img data-recalc-dims=\"1\" loading=\"lazy\" decoding=\"async\" width=\"388\" height=\"540\" data-attachment-id=\"165\" data-permalink=\"https:\/\/constantinplaecking.de\/?attachment_id=165\" data-orig-file=\"https:\/\/i0.wp.com\/constantinplaecking.de\/wp-content\/uploads\/2019\/10\/Moderation-e1571245886892.jpg?fit=388%2C540&amp;ssl=1\" data-orig-size=\"388,540\" data-comments-opened=\"1\" data-image-meta=\"{&quot;aperture&quot;:&quot;0&quot;,&quot;credit&quot;:&quot;&quot;,&quot;camera&quot;:&quot;&quot;,&quot;caption&quot;:&quot;&quot;,&quot;created_timestamp&quot;:&quot;0&quot;,&quot;copyright&quot;:&quot;&quot;,&quot;focal_length&quot;:&quot;0&quot;,&quot;iso&quot;:&quot;0&quot;,&quot;shutter_speed&quot;:&quot;0&quot;,&quot;title&quot;:&quot;&quot;,&quot;orientation&quot;:&quot;0&quot;}\" data-image-title=\"Moderation\" data-image-description=\"\" data-image-caption=\"\" data-large-file=\"https:\/\/i0.wp.com\/constantinplaecking.de\/wp-content\/uploads\/2019\/10\/Moderation-e1571245886892.jpg?fit=388%2C540&amp;ssl=1\" src=\"https:\/\/i0.wp.com\/constantinplaecking.de\/wp-content\/uploads\/2019\/10\/Moderation-e1571245886892.jpg?resize=388%2C540\" alt=\"\" class=\"wp-image-165\" style=\"width:233px;height:325px\" srcset=\"https:\/\/i0.wp.com\/constantinplaecking.de\/wp-content\/uploads\/2019\/10\/Moderation-e1571245886892.jpg?w=388&amp;ssl=1 388w, https:\/\/i0.wp.com\/constantinplaecking.de\/wp-content\/uploads\/2019\/10\/Moderation-e1571245886892.jpg?resize=216%2C300&amp;ssl=1 216w, https:\/\/i0.wp.com\/constantinplaecking.de\/wp-content\/uploads\/2019\/10\/Moderation-e1571245886892.jpg?resize=230%2C320&amp;ssl=1 230w, https:\/\/i0.wp.com\/constantinplaecking.de\/wp-content\/uploads\/2019\/10\/Moderation-e1571245886892.jpg?resize=350%2C487&amp;ssl=1 350w\" sizes=\"auto, (max-width: 388px) 100vw, 388px\" \/><figcaption class=\"wp-element-caption\">Constantin Pl\u00e4cking moderiert beim T\u00fcbinger Stocherkahnrennen 2016<\/figcaption><\/figure>\n\n\n\n<p>Constantin Pl\u00e4cking, Jahrgang 1988, arbeitet als freier Journalist f\u00fcr den S\u00fcdwestrundfunk im Studio Koblenz. Dort arbeitet er als Reporter f\u00fcr alle H\u00f6rfunkwellen des SWR, das SWR Fernsehen und SWR Aktuell Online.<\/p>\n\n\n\n<p>Zu seiner gr\u00f6\u00dften journalistischen Herausforderung z\u00e4hlt die Flutkatastrophe im Ahrtal, \u00fcber die er im Auftrag des SWR f\u00fcr die ARD berichtete. Er ist seit der Flut regelm\u00e4\u00dfig im Ahrtal als Reporter und begleitet den Wiederaufbau.<\/p>\n\n\n\n<p>Er ist einer der Autoren des mehrfach preisgekr\u00f6nten SWR\/WDR-Podcasts &#8222;<a href=\"https:\/\/www.ardaudiothek.de\/sendung\/die-flut-warum-musste-johanna-sterben\/10619851\/\">Die Flut &#8211; Warum musste Johanna sterben?<\/a>&#8222;. Hauptaufgabe war die investigative Recherche zur politischen Aufarbeitung. Ausgezeichnet wurde der Podcast unter anderem mit dem <a href=\"https:\/\/www.swr.de\/swraktuell\/rheinland-pfalz\/koblenz\/ahrtal-podcast-preis-die-flut-johanna-100.html\" data-type=\"link\" data-id=\"https:\/\/www.swr.de\/swraktuell\/rheinland-pfalz\/koblenz\/ahrtal-podcast-preis-die-flut-johanna-100.html\">Deutschen Podcastpreis 2023<\/a> in <a href=\"https:\/\/www.dwdl.de\/nachrichten\/93763\/zwei_podcastpreise_fuer_die_flut_kroemer_ist_bester_newcomer\/?utm_source=&amp;utm_medium=&amp;utm_campaign=&amp;utm_term=\">gleich zwei Kategorien<\/a>: Beste Recherche und Bestes Skript. <\/p>\n\n\n\n<p>Seit 2025 ist Constantin Pl\u00e4cking au\u00dferdem mit einem <a href=\"https:\/\/www.youtube.com\/@cplaecking\" data-type=\"link\" data-id=\"https:\/\/www.youtube.com\/@cplaecking\">Kanal \u00fcber Bahn-Reisen auf YouTube<\/a> aktiv.<\/p>\n\n\n\n<p>Constantin Pl\u00e4cking kommt urspr\u00fcnglich aus Stuttgart. Abitur machte er am Eberhard-Ludwigs Gymnasium Stuttgart. Er studierte Anglistik und Geschichtswissenschaft an der Eberhard Karls Universit\u00e4t T\u00fcbingen.<\/p>\n\n\n\n<figure class=\"wp-block-image alignleft size-large is-resized\"><img data-recalc-dims=\"1\" loading=\"lazy\" decoding=\"async\" width=\"1024\" height=\"576\" data-attachment-id=\"294\" data-permalink=\"https:\/\/constantinplaecking.de\/?attachment_id=294\" data-orig-file=\"https:\/\/i0.wp.com\/constantinplaecking.de\/wp-content\/uploads\/2022\/08\/IMG_4195-scaled.jpg?fit=2560%2C1440&amp;ssl=1\" data-orig-size=\"2560,1440\" data-comments-opened=\"1\" data-image-meta=\"{&quot;aperture&quot;:&quot;2.2&quot;,&quot;credit&quot;:&quot;&quot;,&quot;camera&quot;:&quot;iPhone 12&quot;,&quot;caption&quot;:&quot;&quot;,&quot;created_timestamp&quot;:&quot;1658926311&quot;,&quot;copyright&quot;:&quot;&quot;,&quot;focal_length&quot;:&quot;2.71&quot;,&quot;iso&quot;:&quot;25&quot;,&quot;shutter_speed&quot;:&quot;0.0014245014245014&quot;,&quot;title&quot;:&quot;&quot;,&quot;orientation&quot;:&quot;1&quot;}\" data-image-title=\"IMG_4195\" data-image-description=\"\" data-image-caption=\"\" data-large-file=\"https:\/\/i0.wp.com\/constantinplaecking.de\/wp-content\/uploads\/2022\/08\/IMG_4195-scaled.jpg?fit=1024%2C576&amp;ssl=1\" src=\"https:\/\/i0.wp.com\/constantinplaecking.de\/wp-content\/uploads\/2022\/08\/IMG_4195.jpg?resize=1024%2C576\" alt=\"\" class=\"wp-image-294\" style=\"width:405px;height:228px\" srcset=\"https:\/\/i0.wp.com\/constantinplaecking.de\/wp-content\/uploads\/2022\/08\/IMG_4195-scaled.jpg?resize=1024%2C576&amp;ssl=1 1024w, https:\/\/i0.wp.com\/constantinplaecking.de\/wp-content\/uploads\/2022\/08\/IMG_4195-scaled.jpg?resize=300%2C169&amp;ssl=1 300w, https:\/\/i0.wp.com\/constantinplaecking.de\/wp-content\/uploads\/2022\/08\/IMG_4195-scaled.jpg?resize=768%2C432&amp;ssl=1 768w, https:\/\/i0.wp.com\/constantinplaecking.de\/wp-content\/uploads\/2022\/08\/IMG_4195-scaled.jpg?resize=1536%2C864&amp;ssl=1 1536w, https:\/\/i0.wp.com\/constantinplaecking.de\/wp-content\/uploads\/2022\/08\/IMG_4195-scaled.jpg?resize=2048%2C1152&amp;ssl=1 2048w, https:\/\/i0.wp.com\/constantinplaecking.de\/wp-content\/uploads\/2022\/08\/IMG_4195-scaled.jpg?resize=920%2C518&amp;ssl=1 920w, https:\/\/i0.wp.com\/constantinplaecking.de\/wp-content\/uploads\/2022\/08\/IMG_4195-scaled.jpg?resize=230%2C129&amp;ssl=1 230w, https:\/\/i0.wp.com\/constantinplaecking.de\/wp-content\/uploads\/2022\/08\/IMG_4195-scaled.jpg?resize=350%2C197&amp;ssl=1 350w, https:\/\/i0.wp.com\/constantinplaecking.de\/wp-content\/uploads\/2022\/08\/IMG_4195-scaled.jpg?resize=480%2C270&amp;ssl=1 480w, https:\/\/i0.wp.com\/constantinplaecking.de\/wp-content\/uploads\/2022\/08\/IMG_4195-scaled.jpg?w=2340 2340w\" sizes=\"auto, (max-width: 1024px) 100vw, 1024px\" \/><figcaption class=\"wp-element-caption\">Constantin Pl\u00e4cking im Jahr 2022 in Altenahr-Kreuzberg im Ahrtal<\/figcaption><\/figure>\n\n\n\n<p>Erste journalistische Erfahrungen sammelte er bei der Stuttgarter Nachrichten, f\u00fcr die er w\u00e4hrend des Studiums als freier Reporter f\u00fcr die Lokalredaktion arbeitete. Sp\u00e4ter arbeitete er frei f\u00fcr den S\u00fcdwestrundfunk im Studio T\u00fcbingen.<\/p>\n\n\n\n<div class=\"wp-block-columns is-layout-flex wp-container-core-columns-is-layout-28f84493 wp-block-columns-is-layout-flex\">\n<div class=\"wp-block-column is-layout-flow wp-block-column-is-layout-flow\" style=\"flex-basis:100%\"><\/div>\n<\/div>\n\n<div class=\"twitter-share\"><a href=\"https:\/\/twitter.com\/intent\/tweet?via=cplaecking\" class=\"twitter-share-button\" data-size=\"large\">Twittern<\/a><\/div>\n","protected":false},"excerpt":{"rendered":"<p>Constantin Pl\u00e4cking, Jahrgang 1988, arbeitet als freier Journalist f\u00fcr den S\u00fcdwestrundfunk im Studio Koblenz. Dort arbeitet er als Reporter f\u00fcr alle H\u00f6rfunkwellen [&hellip;]<\/p>\n","protected":false},"author":1,"featured_media":292,"parent":0,"menu_order":0,"comment_status":"closed","ping_status":"closed","template":"","meta":{"jetpack_post_was_ever_published":false,"footnotes":""},"class_list":["post-164","page","type-page","status-publish","has-post-thumbnail","hentry"],"jetpack_sharing_enabled":true,"jetpack_shortlink":"https:\/\/wp.me\/P9Fr8s-2E","jetpack_likes_enabled":true,"jetpack-related-posts":[],"_links":{"self":[{"href":"https:\/\/constantinplaecking.de\/index.php?rest_route=\/wp\/v2\/pages\/164","targetHints":{"allow":["GET"]}}],"collection":[{"href":"https:\/\/constantinplaecking.de\/index.php?rest_route=\/wp\/v2\/pages"}],"about":[{"href":"https:\/\/constantinplaecking.de\/index.php?rest_route=\/wp\/v2\/types\/page"}],"author":[{"embeddable":true,"href":"https:\/\/constantinplaecking.de\/index.php?rest_route=\/wp\/v2\/users\/1"}],"replies":[{"embeddable":true,"href":"https:\/\/constantinplaecking.de\/index.php?rest_route=%2Fwp%2Fv2%2Fcomments&post=164"}],"version-history":[{"count":15,"href":"https:\/\/constantinplaecking.de\/index.php?rest_route=\/wp\/v2\/pages\/164\/revisions"}],"predecessor-version":[{"id":441,"href":"https:\/\/constantinplaecking.de\/index.php?rest_route=\/wp\/v2\/pages\/164\/revisions\/441"}],"wp:featuredmedia":[{"embeddable":true,"href":"https:\/\/constantinplaecking.de\/index.php?rest_route=\/wp\/v2\/media\/292"}],"wp:attachment":[{"href":"https:\/\/constantinplaecking.de\/index.php?rest_route=%2Fwp%2Fv2%2Fmedia&parent=164"}],"curies":[{"name":"wp","href":"https:\/\/api.w.org\/{rel}","templated":true}]}}